{"id":24195,"date":"2024-02-07T14:25:24","date_gmt":"2024-02-07T11:25:24","guid":{"rendered":"https:\/\/abyss.com.tr\/fmcg\/product\/nestle-tablet-beyaz-cikolatali-kurabiye-karex6x60gr\/"},"modified":"2024-02-23T15:38:13","modified_gmt":"2024-02-23T12:38:13","slug":"nestle-tablet-beyaz-cikolatali-kurabiye-karex6x60gr","status":"publish","type":"product","link":"https:\/\/abyss.com.tr\/fmcg\/product\/nestle-tablet-beyaz-cikolatali-kurabiye-karex6x60gr\/","title":{"rendered":"NESTLE TABLET BEYAZ \u00c7\u0130KOLATALI KURAB\u0130YE KAREX(6X60GR)"},"content":{"rendered":"","protected":false},"excerpt":{"rendered":"","protected":false},"featured_media":24194,"comment_status":"open","ping_status":"closed","template":"","meta":[],"product_brand":[],"product_cat":[364,20,382],"product_tag":[],"class_list":{"0":"post-24195","1":"product","2":"type-product","3":"status-publish","4":"has-post-thumbnail","6":"product_cat-chocolate","7":"product_cat-snack","8":"product_cat-white-chocolate","10":"first","11":"instock","12":"shipping-taxable","13":"purchasable","14":"product-type-simple"},"_links":{"self":[{"href":"https:\/\/abyss.com.tr\/fmcg\/wp-json\/wp\/v2\/product\/24195","targetHints":{"allow":["GET"]}}],"collection":[{"href":"https:\/\/abyss.com.tr\/fmcg\/wp-json\/wp\/v2\/product"}],"about":[{"href":"https:\/\/abyss.com.tr\/fmcg\/wp-json\/wp\/v2\/types\/product"}],"replies":[{"embeddable":true,"href":"https:\/\/abyss.com.tr\/fmcg\/wp-json\/wp\/v2\/comments?post=24195"}],"version-history":[{"count":0,"href":"https:\/\/abyss.com.tr\/fmcg\/wp-json\/wp\/v2\/product\/24195\/revisions"}],"wp:featuredmedia":[{"embeddable":true,"href":"https:\/\/abyss.com.tr\/fmcg\/wp-json\/wp\/v2\/media\/24194"}],"wp:attachment":[{"href":"https:\/\/abyss.com.tr\/fmcg\/wp-json\/wp\/v2\/media?parent=24195"}],"wp:term":[{"taxonomy":"product_brand","embeddable":true,"href":"https:\/\/abyss.com.tr\/fmcg\/wp-json\/wp\/v2\/product_brand?post=24195"},{"taxonomy":"product_cat","embeddable":true,"href":"https:\/\/abyss.com.tr\/fmcg\/wp-json\/wp\/v2\/product_cat?post=24195"},{"taxonomy":"product_tag","embeddable":true,"href":"https:\/\/abyss.com.tr\/fmcg\/wp-json\/wp\/v2\/product_tag?post=24195"}],"curies":[{"name":"wp","href":"https:\/\/api.w.org\/{rel}","templated":true}]}}