{"id":24147,"date":"2024-02-07T14:24:11","date_gmt":"2024-02-07T11:24:11","guid":{"rendered":"https:\/\/abyss.com.tr\/fmcg\/product\/gerber-organik-elma-puresi-7x90gr\/"},"modified":"2024-02-23T15:38:10","modified_gmt":"2024-02-23T12:38:10","slug":"gerber-organik-elma-puresi-7x90gr","status":"publish","type":"product","link":"https:\/\/abyss.com.tr\/fmcg\/product\/gerber-organik-elma-puresi-7x90gr\/","title":{"rendered":"GERBER ORGAN\u0130K ELMA P\u00dcRES\u0130 7X90GR"},"content":{"rendered":"","protected":false},"excerpt":{"rendered":"","protected":false},"featured_media":24146,"comment_status":"open","ping_status":"closed","template":"","meta":[],"product_brand":[],"product_cat":[380,423,589],"product_tag":[],"class_list":{"0":"post-24147","1":"product","2":"type-product","3":"status-publish","4":"has-post-thumbnail","6":"product_cat-baby","7":"product_cat-baby-nutrition","8":"product_cat-baby-snack","10":"first","11":"instock","12":"shipping-taxable","13":"purchasable","14":"product-type-simple"},"_links":{"self":[{"href":"https:\/\/abyss.com.tr\/fmcg\/wp-json\/wp\/v2\/product\/24147","targetHints":{"allow":["GET"]}}],"collection":[{"href":"https:\/\/abyss.com.tr\/fmcg\/wp-json\/wp\/v2\/product"}],"about":[{"href":"https:\/\/abyss.com.tr\/fmcg\/wp-json\/wp\/v2\/types\/product"}],"replies":[{"embeddable":true,"href":"https:\/\/abyss.com.tr\/fmcg\/wp-json\/wp\/v2\/comments?post=24147"}],"version-history":[{"count":0,"href":"https:\/\/abyss.com.tr\/fmcg\/wp-json\/wp\/v2\/product\/24147\/revisions"}],"wp:featuredmedia":[{"embeddable":true,"href":"https:\/\/abyss.com.tr\/fmcg\/wp-json\/wp\/v2\/media\/24146"}],"wp:attachment":[{"href":"https:\/\/abyss.com.tr\/fmcg\/wp-json\/wp\/v2\/media?parent=24147"}],"wp:term":[{"taxonomy":"product_brand","embeddable":true,"href":"https:\/\/abyss.com.tr\/fmcg\/wp-json\/wp\/v2\/product_brand?post=24147"},{"taxonomy":"product_cat","embeddable":true,"href":"https:\/\/abyss.com.tr\/fmcg\/wp-json\/wp\/v2\/product_cat?post=24147"},{"taxonomy":"product_tag","embeddable":true,"href":"https:\/\/abyss.com.tr\/fmcg\/wp-json\/wp\/v2\/product_tag?post=24147"}],"curies":[{"name":"wp","href":"https:\/\/api.w.org\/{rel}","templated":true}]}}