{"id":24123,"date":"2024-02-07T14:23:33","date_gmt":"2024-02-07T11:23:33","guid":{"rendered":"https:\/\/abyss.com.tr\/fmcg\/product\/gerber-organik-bugday-ve-yulafli-domates-havuc-ve-soganli-bebek-atistirmaligi-5x35gr\/"},"modified":"2024-02-23T15:38:09","modified_gmt":"2024-02-23T12:38:09","slug":"gerber-organik-bugday-ve-yulafli-domates-havuc-ve-soganli-bebek-atistirmaligi-5x35gr","status":"publish","type":"product","link":"https:\/\/abyss.com.tr\/fmcg\/product\/gerber-organik-bugday-ve-yulafli-domates-havuc-ve-soganli-bebek-atistirmaligi-5x35gr\/","title":{"rendered":"GERBER ORGAN\u0130K BU\u011eDAY VE YULAFLI DOMATES HAVU\u00c7 VE SO\u011eANLI BEBEK ATI\u015eTIRMALI\u011eI 5X35GR"},"content":{"rendered":"","protected":false},"excerpt":{"rendered":"","protected":false},"featured_media":24122,"comment_status":"open","ping_status":"closed","template":"","meta":[],"product_brand":[],"product_cat":[380,423,589],"product_tag":[],"class_list":{"0":"post-24123","1":"product","2":"type-product","3":"status-publish","4":"has-post-thumbnail","6":"product_cat-baby","7":"product_cat-baby-nutrition","8":"product_cat-baby-snack","10":"first","11":"instock","12":"shipping-taxable","13":"purchasable","14":"product-type-simple"},"_links":{"self":[{"href":"https:\/\/abyss.com.tr\/fmcg\/wp-json\/wp\/v2\/product\/24123","targetHints":{"allow":["GET"]}}],"collection":[{"href":"https:\/\/abyss.com.tr\/fmcg\/wp-json\/wp\/v2\/product"}],"about":[{"href":"https:\/\/abyss.com.tr\/fmcg\/wp-json\/wp\/v2\/types\/product"}],"replies":[{"embeddable":true,"href":"https:\/\/abyss.com.tr\/fmcg\/wp-json\/wp\/v2\/comments?post=24123"}],"version-history":[{"count":0,"href":"https:\/\/abyss.com.tr\/fmcg\/wp-json\/wp\/v2\/product\/24123\/revisions"}],"wp:featuredmedia":[{"embeddable":true,"href":"https:\/\/abyss.com.tr\/fmcg\/wp-json\/wp\/v2\/media\/24122"}],"wp:attachment":[{"href":"https:\/\/abyss.com.tr\/fmcg\/wp-json\/wp\/v2\/media?parent=24123"}],"wp:term":[{"taxonomy":"product_brand","embeddable":true,"href":"https:\/\/abyss.com.tr\/fmcg\/wp-json\/wp\/v2\/product_brand?post=24123"},{"taxonomy":"product_cat","embeddable":true,"href":"https:\/\/abyss.com.tr\/fmcg\/wp-json\/wp\/v2\/product_cat?post=24123"},{"taxonomy":"product_tag","embeddable":true,"href":"https:\/\/abyss.com.tr\/fmcg\/wp-json\/wp\/v2\/product_tag?post=24123"}],"curies":[{"name":"wp","href":"https:\/\/api.w.org\/{rel}","templated":true}]}}