{"id":23731,"date":"2024-02-06T11:45:35","date_gmt":"2024-02-06T08:45:35","guid":{"rendered":"https:\/\/abyss.com.tr\/fmcg\/product\/arko-men-pro3-tiras-bicagi-t3-3lux72\/"},"modified":"2024-02-23T15:37:38","modified_gmt":"2024-02-23T12:37:38","slug":"arko-men-pro3-tiras-bicagi-t3-3lux72","status":"publish","type":"product","link":"https:\/\/abyss.com.tr\/fmcg\/product\/arko-men-pro3-tiras-bicagi-t3-3lux72\/","title":{"rendered":"ARKO MEN PRO3 TIRA\u015e BI\u00c7A\u011eI T3 3&#8217;L\u00dcX72"},"content":{"rendered":"","protected":false},"excerpt":{"rendered":"","protected":false},"featured_media":23730,"comment_status":"open","ping_status":"closed","template":"","meta":[],"product_brand":[],"product_cat":[549,410,545],"product_tag":[],"class_list":{"0":"post-23731","1":"product","2":"type-product","3":"status-publish","4":"has-post-thumbnail","6":"product_cat-disposable-razor","7":"product_cat-personal-care-cosmetics-health","8":"product_cat-shaving-supplies","10":"first","11":"instock","12":"shipping-taxable","13":"purchasable","14":"product-type-simple"},"_links":{"self":[{"href":"https:\/\/abyss.com.tr\/fmcg\/wp-json\/wp\/v2\/product\/23731","targetHints":{"allow":["GET"]}}],"collection":[{"href":"https:\/\/abyss.com.tr\/fmcg\/wp-json\/wp\/v2\/product"}],"about":[{"href":"https:\/\/abyss.com.tr\/fmcg\/wp-json\/wp\/v2\/types\/product"}],"replies":[{"embeddable":true,"href":"https:\/\/abyss.com.tr\/fmcg\/wp-json\/wp\/v2\/comments?post=23731"}],"version-history":[{"count":0,"href":"https:\/\/abyss.com.tr\/fmcg\/wp-json\/wp\/v2\/product\/23731\/revisions"}],"wp:featuredmedia":[{"embeddable":true,"href":"https:\/\/abyss.com.tr\/fmcg\/wp-json\/wp\/v2\/media\/23730"}],"wp:attachment":[{"href":"https:\/\/abyss.com.tr\/fmcg\/wp-json\/wp\/v2\/media?parent=23731"}],"wp:term":[{"taxonomy":"product_brand","embeddable":true,"href":"https:\/\/abyss.com.tr\/fmcg\/wp-json\/wp\/v2\/product_brand?post=23731"},{"taxonomy":"product_cat","embeddable":true,"href":"https:\/\/abyss.com.tr\/fmcg\/wp-json\/wp\/v2\/product_cat?post=23731"},{"taxonomy":"product_tag","embeddable":true,"href":"https:\/\/abyss.com.tr\/fmcg\/wp-json\/wp\/v2\/product_tag?post=23731"}],"curies":[{"name":"wp","href":"https:\/\/api.w.org\/{rel}","templated":true}]}}