{"id":23581,"date":"2024-02-06T11:42:05","date_gmt":"2024-02-06T08:42:05","guid":{"rendered":"https:\/\/abyss.com.tr\/fmcg\/product\/duru-sivi-sabun-kiraz-cicegi-500mlx12\/"},"modified":"2024-02-23T15:37:23","modified_gmt":"2024-02-23T12:37:23","slug":"duru-sivi-sabun-kiraz-cicegi-500mlx12","status":"publish","type":"product","link":"https:\/\/abyss.com.tr\/fmcg\/product\/duru-sivi-sabun-kiraz-cicegi-500mlx12\/","title":{"rendered":"DURU SIVI SABUN K\u0130RAZ \u00c7\u0130\u00c7E\u011e\u0130 500MLX12"},"content":{"rendered":"","protected":false},"excerpt":{"rendered":"","protected":false},"featured_media":23580,"comment_status":"open","ping_status":"closed","template":"","meta":[],"product_brand":[],"product_cat":[537,410,530,531],"product_tag":[],"class_list":{"0":"post-23581","1":"product","2":"type-product","3":"status-publish","4":"has-post-thumbnail","6":"product_cat-liquid-soap","7":"product_cat-personal-care-cosmetics-health","8":"product_cat-shower-bath-soap","9":"product_cat-soap","11":"first","12":"instock","13":"shipping-taxable","14":"purchasable","15":"product-type-simple"},"_links":{"self":[{"href":"https:\/\/abyss.com.tr\/fmcg\/wp-json\/wp\/v2\/product\/23581","targetHints":{"allow":["GET"]}}],"collection":[{"href":"https:\/\/abyss.com.tr\/fmcg\/wp-json\/wp\/v2\/product"}],"about":[{"href":"https:\/\/abyss.com.tr\/fmcg\/wp-json\/wp\/v2\/types\/product"}],"replies":[{"embeddable":true,"href":"https:\/\/abyss.com.tr\/fmcg\/wp-json\/wp\/v2\/comments?post=23581"}],"version-history":[{"count":0,"href":"https:\/\/abyss.com.tr\/fmcg\/wp-json\/wp\/v2\/product\/23581\/revisions"}],"wp:featuredmedia":[{"embeddable":true,"href":"https:\/\/abyss.com.tr\/fmcg\/wp-json\/wp\/v2\/media\/23580"}],"wp:attachment":[{"href":"https:\/\/abyss.com.tr\/fmcg\/wp-json\/wp\/v2\/media?parent=23581"}],"wp:term":[{"taxonomy":"product_brand","embeddable":true,"href":"https:\/\/abyss.com.tr\/fmcg\/wp-json\/wp\/v2\/product_brand?post=23581"},{"taxonomy":"product_cat","embeddable":true,"href":"https:\/\/abyss.com.tr\/fmcg\/wp-json\/wp\/v2\/product_cat?post=23581"},{"taxonomy":"product_tag","embeddable":true,"href":"https:\/\/abyss.com.tr\/fmcg\/wp-json\/wp\/v2\/product_tag?post=23581"}],"curies":[{"name":"wp","href":"https:\/\/api.w.org\/{rel}","templated":true}]}}