{"id":23563,"date":"2024-02-06T11:41:38","date_gmt":"2024-02-06T08:41:38","guid":{"rendered":"https:\/\/abyss.com.tr\/fmcg\/product\/duru-granul-matik-sabun-klasik-1kgx6\/"},"modified":"2024-02-23T15:37:16","modified_gmt":"2024-02-23T12:37:16","slug":"duru-granul-matik-sabun-klasik-1kgx6","status":"publish","type":"product","link":"https:\/\/abyss.com.tr\/fmcg\/product\/duru-granul-matik-sabun-klasik-1kgx6\/","title":{"rendered":"DURU GRAN\u00dcL MAT\u0130K SABUN KLAS\u0130K 1KGX6"},"content":{"rendered":"","protected":false},"excerpt":{"rendered":"","protected":false},"featured_media":23562,"comment_status":"open","ping_status":"closed","template":"","meta":[],"product_brand":[],"product_cat":[441,535,533,534],"product_tag":[],"class_list":{"0":"post-23563","1":"product","2":"type-product","3":"status-publish","4":"has-post-thumbnail","6":"product_cat-detergent-cleaning","7":"product_cat-powder-detergent","8":"product_cat-washing","9":"product_cat-washing-powder","11":"first","12":"instock","13":"shipping-taxable","14":"purchasable","15":"product-type-simple"},"_links":{"self":[{"href":"https:\/\/abyss.com.tr\/fmcg\/wp-json\/wp\/v2\/product\/23563","targetHints":{"allow":["GET"]}}],"collection":[{"href":"https:\/\/abyss.com.tr\/fmcg\/wp-json\/wp\/v2\/product"}],"about":[{"href":"https:\/\/abyss.com.tr\/fmcg\/wp-json\/wp\/v2\/types\/product"}],"replies":[{"embeddable":true,"href":"https:\/\/abyss.com.tr\/fmcg\/wp-json\/wp\/v2\/comments?post=23563"}],"version-history":[{"count":0,"href":"https:\/\/abyss.com.tr\/fmcg\/wp-json\/wp\/v2\/product\/23563\/revisions"}],"wp:featuredmedia":[{"embeddable":true,"href":"https:\/\/abyss.com.tr\/fmcg\/wp-json\/wp\/v2\/media\/23562"}],"wp:attachment":[{"href":"https:\/\/abyss.com.tr\/fmcg\/wp-json\/wp\/v2\/media?parent=23563"}],"wp:term":[{"taxonomy":"product_brand","embeddable":true,"href":"https:\/\/abyss.com.tr\/fmcg\/wp-json\/wp\/v2\/product_brand?post=23563"},{"taxonomy":"product_cat","embeddable":true,"href":"https:\/\/abyss.com.tr\/fmcg\/wp-json\/wp\/v2\/product_cat?post=23563"},{"taxonomy":"product_tag","embeddable":true,"href":"https:\/\/abyss.com.tr\/fmcg\/wp-json\/wp\/v2\/product_tag?post=23563"}],"curies":[{"name":"wp","href":"https:\/\/api.w.org\/{rel}","templated":true}]}}