{"id":23551,"date":"2024-02-06T11:41:16","date_gmt":"2024-02-06T08:41:16","guid":{"rendered":"https:\/\/abyss.com.tr\/fmcg\/product\/duru-fresh-dus-sabunu-okyanus-tazeligi-600grx18\/"},"modified":"2024-02-23T15:37:39","modified_gmt":"2024-02-23T12:37:39","slug":"duru-fresh-dus-sabunu-okyanus-tazeligi-600grx18","status":"publish","type":"product","link":"https:\/\/abyss.com.tr\/fmcg\/product\/duru-fresh-dus-sabunu-okyanus-tazeligi-600grx18\/","title":{"rendered":"DURU FRESH DU\u015e SABUNU OKYANUS TAZEL\u0130\u011e\u0130 600GRX18"},"content":{"rendered":"","protected":false},"excerpt":{"rendered":"","protected":false},"featured_media":23550,"comment_status":"open","ping_status":"closed","template":"","meta":[],"product_brand":[],"product_cat":[532,410,530,531],"product_tag":[],"class_list":{"0":"post-23551","1":"product","2":"type-product","3":"status-publish","4":"has-post-thumbnail","6":"product_cat-bath-soap","7":"product_cat-personal-care-cosmetics-health","8":"product_cat-shower-bath-soap","9":"product_cat-soap","11":"first","12":"instock","13":"shipping-taxable","14":"purchasable","15":"product-type-simple"},"_links":{"self":[{"href":"https:\/\/abyss.com.tr\/fmcg\/wp-json\/wp\/v2\/product\/23551","targetHints":{"allow":["GET"]}}],"collection":[{"href":"https:\/\/abyss.com.tr\/fmcg\/wp-json\/wp\/v2\/product"}],"about":[{"href":"https:\/\/abyss.com.tr\/fmcg\/wp-json\/wp\/v2\/types\/product"}],"replies":[{"embeddable":true,"href":"https:\/\/abyss.com.tr\/fmcg\/wp-json\/wp\/v2\/comments?post=23551"}],"version-history":[{"count":0,"href":"https:\/\/abyss.com.tr\/fmcg\/wp-json\/wp\/v2\/product\/23551\/revisions"}],"wp:featuredmedia":[{"embeddable":true,"href":"https:\/\/abyss.com.tr\/fmcg\/wp-json\/wp\/v2\/media\/23550"}],"wp:attachment":[{"href":"https:\/\/abyss.com.tr\/fmcg\/wp-json\/wp\/v2\/media?parent=23551"}],"wp:term":[{"taxonomy":"product_brand","embeddable":true,"href":"https:\/\/abyss.com.tr\/fmcg\/wp-json\/wp\/v2\/product_brand?post=23551"},{"taxonomy":"product_cat","embeddable":true,"href":"https:\/\/abyss.com.tr\/fmcg\/wp-json\/wp\/v2\/product_cat?post=23551"},{"taxonomy":"product_tag","embeddable":true,"href":"https:\/\/abyss.com.tr\/fmcg\/wp-json\/wp\/v2\/product_tag?post=23551"}],"curies":[{"name":"wp","href":"https:\/\/api.w.org\/{rel}","templated":true}]}}