{"id":23418,"date":"2024-02-02T15:59:27","date_gmt":"2024-02-02T12:59:27","guid":{"rendered":"https:\/\/abyss.com.tr\/fmcg\/product\/filiz-yumurtali-uzun-eriste-350grx12\/"},"modified":"2024-02-23T15:37:42","modified_gmt":"2024-02-23T12:37:42","slug":"filiz-yumurtali-uzun-eriste-350grx12","status":"publish","type":"product","link":"https:\/\/abyss.com.tr\/fmcg\/product\/filiz-yumurtali-uzun-eriste-350grx12\/","title":{"rendered":"F\u0130L\u0130Z YUMURTALI UZUN ER\u0130\u015eTE 350GRX12"},"content":{"rendered":"","protected":false},"excerpt":{"rendered":"","protected":false},"featured_media":23417,"comment_status":"open","ping_status":"closed","template":"","meta":[],"product_brand":[],"product_cat":[522,523,426],"product_tag":[],"class_list":{"0":"post-23418","1":"product","2":"type-product","3":"status-publish","4":"has-post-thumbnail","6":"product_cat-pasta","7":"product_cat-regular-pasta","8":"product_cat-staple-food","10":"first","11":"instock","12":"shipping-taxable","13":"purchasable","14":"product-type-simple"},"_links":{"self":[{"href":"https:\/\/abyss.com.tr\/fmcg\/wp-json\/wp\/v2\/product\/23418","targetHints":{"allow":["GET"]}}],"collection":[{"href":"https:\/\/abyss.com.tr\/fmcg\/wp-json\/wp\/v2\/product"}],"about":[{"href":"https:\/\/abyss.com.tr\/fmcg\/wp-json\/wp\/v2\/types\/product"}],"replies":[{"embeddable":true,"href":"https:\/\/abyss.com.tr\/fmcg\/wp-json\/wp\/v2\/comments?post=23418"}],"version-history":[{"count":0,"href":"https:\/\/abyss.com.tr\/fmcg\/wp-json\/wp\/v2\/product\/23418\/revisions"}],"wp:featuredmedia":[{"embeddable":true,"href":"https:\/\/abyss.com.tr\/fmcg\/wp-json\/wp\/v2\/media\/23417"}],"wp:attachment":[{"href":"https:\/\/abyss.com.tr\/fmcg\/wp-json\/wp\/v2\/media?parent=23418"}],"wp:term":[{"taxonomy":"product_brand","embeddable":true,"href":"https:\/\/abyss.com.tr\/fmcg\/wp-json\/wp\/v2\/product_brand?post=23418"},{"taxonomy":"product_cat","embeddable":true,"href":"https:\/\/abyss.com.tr\/fmcg\/wp-json\/wp\/v2\/product_cat?post=23418"},{"taxonomy":"product_tag","embeddable":true,"href":"https:\/\/abyss.com.tr\/fmcg\/wp-json\/wp\/v2\/product_tag?post=23418"}],"curies":[{"name":"wp","href":"https:\/\/api.w.org\/{rel}","templated":true}]}}