{"id":23031,"date":"2024-02-01T15:59:34","date_gmt":"2024-02-01T12:59:34","guid":{"rendered":"https:\/\/abyss.com.tr\/fmcg\/product\/mentos-stick-cola-aromali-cignenen-seker-375gr20x16\/"},"modified":"2024-02-23T15:38:20","modified_gmt":"2024-02-23T12:38:20","slug":"mentos-stick-cola-aromali-cignenen-seker-375gr20x16","status":"publish","type":"product","link":"https:\/\/abyss.com.tr\/fmcg\/product\/mentos-stick-cola-aromali-cignenen-seker-375gr20x16\/","title":{"rendered":"MENTOS STICK COLA AROMALI \u00c7\u0130\u011eNENEN \u015eEKER 37,5GR20X16"},"content":{"rendered":"","protected":false},"excerpt":{"rendered":"","protected":false},"featured_media":23030,"comment_status":"open","ping_status":"closed","template":"","meta":[],"product_brand":[],"product_cat":[394,404,20],"product_tag":[],"class_list":{"0":"post-23031","1":"product","2":"type-product","3":"status-publish","4":"has-post-thumbnail","6":"product_cat-confectionery","7":"product_cat-dragee-confectionery","8":"product_cat-snack","10":"first","11":"instock","12":"shipping-taxable","13":"purchasable","14":"product-type-simple"},"_links":{"self":[{"href":"https:\/\/abyss.com.tr\/fmcg\/wp-json\/wp\/v2\/product\/23031","targetHints":{"allow":["GET"]}}],"collection":[{"href":"https:\/\/abyss.com.tr\/fmcg\/wp-json\/wp\/v2\/product"}],"about":[{"href":"https:\/\/abyss.com.tr\/fmcg\/wp-json\/wp\/v2\/types\/product"}],"replies":[{"embeddable":true,"href":"https:\/\/abyss.com.tr\/fmcg\/wp-json\/wp\/v2\/comments?post=23031"}],"version-history":[{"count":0,"href":"https:\/\/abyss.com.tr\/fmcg\/wp-json\/wp\/v2\/product\/23031\/revisions"}],"wp:featuredmedia":[{"embeddable":true,"href":"https:\/\/abyss.com.tr\/fmcg\/wp-json\/wp\/v2\/media\/23030"}],"wp:attachment":[{"href":"https:\/\/abyss.com.tr\/fmcg\/wp-json\/wp\/v2\/media?parent=23031"}],"wp:term":[{"taxonomy":"product_brand","embeddable":true,"href":"https:\/\/abyss.com.tr\/fmcg\/wp-json\/wp\/v2\/product_brand?post=23031"},{"taxonomy":"product_cat","embeddable":true,"href":"https:\/\/abyss.com.tr\/fmcg\/wp-json\/wp\/v2\/product_cat?post=23031"},{"taxonomy":"product_tag","embeddable":true,"href":"https:\/\/abyss.com.tr\/fmcg\/wp-json\/wp\/v2\/product_tag?post=23031"}],"curies":[{"name":"wp","href":"https:\/\/api.w.org\/{rel}","templated":true}]}}