{"id":22946,"date":"2024-01-31T16:48:03","date_gmt":"2024-01-31T13:48:03","guid":{"rendered":"https:\/\/abyss.com.tr\/fmcg\/product\/koska-keciboynuzu-ozu-310grx6\/"},"modified":"2024-02-23T15:38:00","modified_gmt":"2024-02-23T12:38:00","slug":"koska-keciboynuzu-ozu-310grx6","status":"publish","type":"product","link":"https:\/\/abyss.com.tr\/fmcg\/product\/koska-keciboynuzu-ozu-310grx6\/","title":{"rendered":"KOSKA KE\u00c7\u0130BOYNUZU \u00d6Z\u00dc 310GRX6"},"content":{"rendered":"","protected":false},"excerpt":{"rendered":"","protected":false},"featured_media":22945,"comment_status":"open","ping_status":"closed","template":"","meta":[],"product_brand":[],"product_cat":[489,499,495,488],"product_tag":[],"class_list":{"0":"post-22946","1":"product","2":"type-product","3":"status-publish","4":"has-post-thumbnail","6":"product_cat-breakfast-milk-breakfast","7":"product_cat-grape-molasses","8":"product_cat-halva-tahini-molasses","9":"product_cat-milk-breakfast","11":"first","12":"instock","13":"shipping-taxable","14":"purchasable","15":"product-type-simple"},"_links":{"self":[{"href":"https:\/\/abyss.com.tr\/fmcg\/wp-json\/wp\/v2\/product\/22946","targetHints":{"allow":["GET"]}}],"collection":[{"href":"https:\/\/abyss.com.tr\/fmcg\/wp-json\/wp\/v2\/product"}],"about":[{"href":"https:\/\/abyss.com.tr\/fmcg\/wp-json\/wp\/v2\/types\/product"}],"replies":[{"embeddable":true,"href":"https:\/\/abyss.com.tr\/fmcg\/wp-json\/wp\/v2\/comments?post=22946"}],"version-history":[{"count":0,"href":"https:\/\/abyss.com.tr\/fmcg\/wp-json\/wp\/v2\/product\/22946\/revisions"}],"wp:featuredmedia":[{"embeddable":true,"href":"https:\/\/abyss.com.tr\/fmcg\/wp-json\/wp\/v2\/media\/22945"}],"wp:attachment":[{"href":"https:\/\/abyss.com.tr\/fmcg\/wp-json\/wp\/v2\/media?parent=22946"}],"wp:term":[{"taxonomy":"product_brand","embeddable":true,"href":"https:\/\/abyss.com.tr\/fmcg\/wp-json\/wp\/v2\/product_brand?post=22946"},{"taxonomy":"product_cat","embeddable":true,"href":"https:\/\/abyss.com.tr\/fmcg\/wp-json\/wp\/v2\/product_cat?post=22946"},{"taxonomy":"product_tag","embeddable":true,"href":"https:\/\/abyss.com.tr\/fmcg\/wp-json\/wp\/v2\/product_tag?post=22946"}],"curies":[{"name":"wp","href":"https:\/\/api.w.org\/{rel}","templated":true}]}}