{"id":22497,"date":"2024-01-24T13:49:48","date_gmt":"2024-01-24T10:49:48","guid":{"rendered":"https:\/\/abyss.com.tr\/fmcg\/product\/yayla-garniturlu-pirinc-pilavi-250grx12\/"},"modified":"2024-02-23T15:39:33","modified_gmt":"2024-02-23T12:39:33","slug":"yayla-garniturlu-pirinc-pilavi-250grx12","status":"publish","type":"product","link":"https:\/\/abyss.com.tr\/fmcg\/product\/yayla-garniturlu-pirinc-pilavi-250grx12\/","title":{"rendered":"YAYLA GARN\u0130T\u00dcRL\u00dc P\u0130R\u0130N\u00c7 P\u0130LAVI 250GRX12"},"content":{"rendered":"","protected":false},"excerpt":{"rendered":"","protected":false},"featured_media":22496,"comment_status":"open","ping_status":"closed","template":"","meta":[],"product_brand":[],"product_cat":[445,446],"product_tag":[],"class_list":{"0":"post-22497","1":"product","2":"type-product","3":"status-publish","4":"has-post-thumbnail","6":"product_cat-appetizer-ready-meal-frozen","7":"product_cat-instant-meal","9":"first","10":"instock","11":"shipping-taxable","12":"purchasable","13":"product-type-simple"},"_links":{"self":[{"href":"https:\/\/abyss.com.tr\/fmcg\/wp-json\/wp\/v2\/product\/22497","targetHints":{"allow":["GET"]}}],"collection":[{"href":"https:\/\/abyss.com.tr\/fmcg\/wp-json\/wp\/v2\/product"}],"about":[{"href":"https:\/\/abyss.com.tr\/fmcg\/wp-json\/wp\/v2\/types\/product"}],"replies":[{"embeddable":true,"href":"https:\/\/abyss.com.tr\/fmcg\/wp-json\/wp\/v2\/comments?post=22497"}],"version-history":[{"count":0,"href":"https:\/\/abyss.com.tr\/fmcg\/wp-json\/wp\/v2\/product\/22497\/revisions"}],"wp:featuredmedia":[{"embeddable":true,"href":"https:\/\/abyss.com.tr\/fmcg\/wp-json\/wp\/v2\/media\/22496"}],"wp:attachment":[{"href":"https:\/\/abyss.com.tr\/fmcg\/wp-json\/wp\/v2\/media?parent=22497"}],"wp:term":[{"taxonomy":"product_brand","embeddable":true,"href":"https:\/\/abyss.com.tr\/fmcg\/wp-json\/wp\/v2\/product_brand?post=22497"},{"taxonomy":"product_cat","embeddable":true,"href":"https:\/\/abyss.com.tr\/fmcg\/wp-json\/wp\/v2\/product_cat?post=22497"},{"taxonomy":"product_tag","embeddable":true,"href":"https:\/\/abyss.com.tr\/fmcg\/wp-json\/wp\/v2\/product_tag?post=22497"}],"curies":[{"name":"wp","href":"https:\/\/api.w.org\/{rel}","templated":true}]}}