{"id":22485,"date":"2024-01-24T13:49:31","date_gmt":"2024-01-24T10:49:31","guid":{"rendered":"https:\/\/abyss.com.tr\/fmcg\/product\/yayla-haslanmis-mas-fasulyesi-400grx12\/"},"modified":"2024-02-23T15:39:32","modified_gmt":"2024-02-23T12:39:32","slug":"yayla-haslanmis-mas-fasulyesi-400grx12","status":"publish","type":"product","link":"https:\/\/abyss.com.tr\/fmcg\/product\/yayla-haslanmis-mas-fasulyesi-400grx12\/","title":{"rendered":"YAYLA HA\u015eLANMI\u015e MA\u015e FASULYES\u0130 400GRX12"},"content":{"rendered":"","protected":false},"excerpt":{"rendered":"","protected":false},"featured_media":22484,"comment_status":"open","ping_status":"closed","template":"","meta":[],"product_brand":[],"product_cat":[483,482,426],"product_tag":[],"class_list":{"0":"post-22485","1":"product","2":"type-product","3":"status-publish","4":"has-post-thumbnail","6":"product_cat-boiled","7":"product_cat-preserves","8":"product_cat-staple-food","10":"first","11":"instock","12":"shipping-taxable","13":"purchasable","14":"product-type-simple"},"_links":{"self":[{"href":"https:\/\/abyss.com.tr\/fmcg\/wp-json\/wp\/v2\/product\/22485","targetHints":{"allow":["GET"]}}],"collection":[{"href":"https:\/\/abyss.com.tr\/fmcg\/wp-json\/wp\/v2\/product"}],"about":[{"href":"https:\/\/abyss.com.tr\/fmcg\/wp-json\/wp\/v2\/types\/product"}],"replies":[{"embeddable":true,"href":"https:\/\/abyss.com.tr\/fmcg\/wp-json\/wp\/v2\/comments?post=22485"}],"version-history":[{"count":0,"href":"https:\/\/abyss.com.tr\/fmcg\/wp-json\/wp\/v2\/product\/22485\/revisions"}],"wp:featuredmedia":[{"embeddable":true,"href":"https:\/\/abyss.com.tr\/fmcg\/wp-json\/wp\/v2\/media\/22484"}],"wp:attachment":[{"href":"https:\/\/abyss.com.tr\/fmcg\/wp-json\/wp\/v2\/media?parent=22485"}],"wp:term":[{"taxonomy":"product_brand","embeddable":true,"href":"https:\/\/abyss.com.tr\/fmcg\/wp-json\/wp\/v2\/product_brand?post=22485"},{"taxonomy":"product_cat","embeddable":true,"href":"https:\/\/abyss.com.tr\/fmcg\/wp-json\/wp\/v2\/product_cat?post=22485"},{"taxonomy":"product_tag","embeddable":true,"href":"https:\/\/abyss.com.tr\/fmcg\/wp-json\/wp\/v2\/product_tag?post=22485"}],"curies":[{"name":"wp","href":"https:\/\/api.w.org\/{rel}","templated":true}]}}