{"id":22479,"date":"2024-01-24T13:49:16","date_gmt":"2024-01-24T10:49:16","guid":{"rendered":"https:\/\/abyss.com.tr\/fmcg\/product\/yayla-glutensiz-sebzeli-karabugday-pilavi-250grx12\/"},"modified":"2024-02-23T15:39:31","modified_gmt":"2024-02-23T12:39:31","slug":"yayla-glutensiz-sebzeli-karabugday-pilavi-250grx12","status":"publish","type":"product","link":"https:\/\/abyss.com.tr\/fmcg\/product\/yayla-glutensiz-sebzeli-karabugday-pilavi-250grx12\/","title":{"rendered":"YAYLA GLUTENS\u0130Z SEBZEL\u0130 KARABU\u011eDAY P\u0130LAVI 250GRX12"},"content":{"rendered":"","protected":false},"excerpt":{"rendered":"","protected":false},"featured_media":22478,"comment_status":"open","ping_status":"closed","template":"","meta":[],"product_brand":[],"product_cat":[481,480,479,426],"product_tag":[],"class_list":{"0":"post-22479","1":"product","2":"type-product","3":"status-publish","4":"has-post-thumbnail","6":"product_cat-gluten-free-other","7":"product_cat-gluten-free-products-healthy-living-products-staple-food","8":"product_cat-healthy-living-products-staple-food","9":"product_cat-staple-food","11":"first","12":"instock","13":"shipping-taxable","14":"purchasable","15":"product-type-simple"},"_links":{"self":[{"href":"https:\/\/abyss.com.tr\/fmcg\/wp-json\/wp\/v2\/product\/22479","targetHints":{"allow":["GET"]}}],"collection":[{"href":"https:\/\/abyss.com.tr\/fmcg\/wp-json\/wp\/v2\/product"}],"about":[{"href":"https:\/\/abyss.com.tr\/fmcg\/wp-json\/wp\/v2\/types\/product"}],"replies":[{"embeddable":true,"href":"https:\/\/abyss.com.tr\/fmcg\/wp-json\/wp\/v2\/comments?post=22479"}],"version-history":[{"count":0,"href":"https:\/\/abyss.com.tr\/fmcg\/wp-json\/wp\/v2\/product\/22479\/revisions"}],"wp:featuredmedia":[{"embeddable":true,"href":"https:\/\/abyss.com.tr\/fmcg\/wp-json\/wp\/v2\/media\/22478"}],"wp:attachment":[{"href":"https:\/\/abyss.com.tr\/fmcg\/wp-json\/wp\/v2\/media?parent=22479"}],"wp:term":[{"taxonomy":"product_brand","embeddable":true,"href":"https:\/\/abyss.com.tr\/fmcg\/wp-json\/wp\/v2\/product_brand?post=22479"},{"taxonomy":"product_cat","embeddable":true,"href":"https:\/\/abyss.com.tr\/fmcg\/wp-json\/wp\/v2\/product_cat?post=22479"},{"taxonomy":"product_tag","embeddable":true,"href":"https:\/\/abyss.com.tr\/fmcg\/wp-json\/wp\/v2\/product_tag?post=22479"}],"curies":[{"name":"wp","href":"https:\/\/api.w.org\/{rel}","templated":true}]}}