{"id":22363,"date":"2024-01-24T13:46:41","date_gmt":"2024-01-24T10:46:41","guid":{"rendered":"https:\/\/abyss.com.tr\/fmcg\/product\/yayla-eko-pilavlik-pirinc-1kgx16\/"},"modified":"2024-02-23T15:39:25","modified_gmt":"2024-02-23T12:39:25","slug":"yayla-eko-pilavlik-pirinc-1kgx16","status":"publish","type":"product","link":"https:\/\/abyss.com.tr\/fmcg\/product\/yayla-eko-pilavlik-pirinc-1kgx16\/","title":{"rendered":"YAYLA EKO P\u0130LAVLIK P\u0130R\u0130N\u00c7 1KGX16"},"content":{"rendered":"","protected":false},"excerpt":{"rendered":"","protected":false},"featured_media":22362,"comment_status":"open","ping_status":"closed","template":"","meta":[],"product_brand":[],"product_cat":[455,456,457,426],"product_tag":[],"class_list":{"0":"post-22363","1":"product","2":"type-product","3":"status-publish","4":"has-post-thumbnail","6":"product_cat-legumes","7":"product_cat-rice","8":"product_cat-rice-for-pilaf","9":"product_cat-staple-food","11":"first","12":"instock","13":"shipping-taxable","14":"purchasable","15":"product-type-simple"},"_links":{"self":[{"href":"https:\/\/abyss.com.tr\/fmcg\/wp-json\/wp\/v2\/product\/22363","targetHints":{"allow":["GET"]}}],"collection":[{"href":"https:\/\/abyss.com.tr\/fmcg\/wp-json\/wp\/v2\/product"}],"about":[{"href":"https:\/\/abyss.com.tr\/fmcg\/wp-json\/wp\/v2\/types\/product"}],"replies":[{"embeddable":true,"href":"https:\/\/abyss.com.tr\/fmcg\/wp-json\/wp\/v2\/comments?post=22363"}],"version-history":[{"count":0,"href":"https:\/\/abyss.com.tr\/fmcg\/wp-json\/wp\/v2\/product\/22363\/revisions"}],"wp:featuredmedia":[{"embeddable":true,"href":"https:\/\/abyss.com.tr\/fmcg\/wp-json\/wp\/v2\/media\/22362"}],"wp:attachment":[{"href":"https:\/\/abyss.com.tr\/fmcg\/wp-json\/wp\/v2\/media?parent=22363"}],"wp:term":[{"taxonomy":"product_brand","embeddable":true,"href":"https:\/\/abyss.com.tr\/fmcg\/wp-json\/wp\/v2\/product_brand?post=22363"},{"taxonomy":"product_cat","embeddable":true,"href":"https:\/\/abyss.com.tr\/fmcg\/wp-json\/wp\/v2\/product_cat?post=22363"},{"taxonomy":"product_tag","embeddable":true,"href":"https:\/\/abyss.com.tr\/fmcg\/wp-json\/wp\/v2\/product_tag?post=22363"}],"curies":[{"name":"wp","href":"https:\/\/api.w.org\/{rel}","templated":true}]}}