{"id":22042,"date":"2024-01-19T00:41:37","date_gmt":"2024-01-18T21:41:37","guid":{"rendered":"https:\/\/abyss.com.tr\/fmcg\/product\/bizim-mutfak-kofteli-koy-corbasi-100grx12x4\/"},"modified":"2024-02-28T10:40:27","modified_gmt":"2024-02-28T07:40:27","slug":"bizim-mutfak-kofteli-koy-corbasi-100grx12x4","status":"publish","type":"product","link":"https:\/\/abyss.com.tr\/fmcg\/product\/bizim-mutfak-kofteli-koy-corbasi-100grx12x4\/","title":{"rendered":"B\u0130Z\u0130M MUTFAK K\u00d6FTEL\u0130 K\u00d6Y \u00c7ORBASI 100GRX12X4"},"content":{"rendered":"","protected":false},"excerpt":{"rendered":"","protected":false},"featured_media":22041,"comment_status":"open","ping_status":"closed","template":"","meta":[],"product_brand":[],"product_cat":[445,446],"product_tag":[],"class_list":{"0":"post-22042","1":"product","2":"type-product","3":"status-publish","4":"has-post-thumbnail","6":"product_cat-appetizer-ready-meal-frozen","7":"product_cat-instant-meal","9":"first","10":"instock","11":"shipping-taxable","12":"purchasable","13":"product-type-simple"},"_links":{"self":[{"href":"https:\/\/abyss.com.tr\/fmcg\/wp-json\/wp\/v2\/product\/22042","targetHints":{"allow":["GET"]}}],"collection":[{"href":"https:\/\/abyss.com.tr\/fmcg\/wp-json\/wp\/v2\/product"}],"about":[{"href":"https:\/\/abyss.com.tr\/fmcg\/wp-json\/wp\/v2\/types\/product"}],"replies":[{"embeddable":true,"href":"https:\/\/abyss.com.tr\/fmcg\/wp-json\/wp\/v2\/comments?post=22042"}],"version-history":[{"count":0,"href":"https:\/\/abyss.com.tr\/fmcg\/wp-json\/wp\/v2\/product\/22042\/revisions"}],"wp:featuredmedia":[{"embeddable":true,"href":"https:\/\/abyss.com.tr\/fmcg\/wp-json\/wp\/v2\/media\/22041"}],"wp:attachment":[{"href":"https:\/\/abyss.com.tr\/fmcg\/wp-json\/wp\/v2\/media?parent=22042"}],"wp:term":[{"taxonomy":"product_brand","embeddable":true,"href":"https:\/\/abyss.com.tr\/fmcg\/wp-json\/wp\/v2\/product_brand?post=22042"},{"taxonomy":"product_cat","embeddable":true,"href":"https:\/\/abyss.com.tr\/fmcg\/wp-json\/wp\/v2\/product_cat?post=22042"},{"taxonomy":"product_tag","embeddable":true,"href":"https:\/\/abyss.com.tr\/fmcg\/wp-json\/wp\/v2\/product_tag?post=22042"}],"curies":[{"name":"wp","href":"https:\/\/api.w.org\/{rel}","templated":true}]}}