{"id":21979,"date":"2024-01-19T00:40:14","date_gmt":"2024-01-18T21:40:14","guid":{"rendered":"https:\/\/abyss.com.tr\/fmcg\/product\/hero-baby-organik-elmali-pureli-kavanoz-mama-120grx6\/"},"modified":"2024-02-28T10:40:23","modified_gmt":"2024-02-28T07:40:23","slug":"hero-baby-organik-elmali-pureli-kavanoz-mama-120grx6","status":"publish","type":"product","link":"https:\/\/abyss.com.tr\/fmcg\/product\/hero-baby-organik-elmali-pureli-kavanoz-mama-120grx6\/","title":{"rendered":"HERO BABY ORGAN\u0130K ELMALI P\u00dcREL\u0130 KAVANOZ MAMA 120GRX6"},"content":{"rendered":"","protected":false},"excerpt":{"rendered":"","protected":false},"featured_media":21978,"comment_status":"open","ping_status":"closed","template":"","meta":[],"product_brand":[],"product_cat":[380,424,423,425],"product_tag":[],"class_list":{"0":"post-21979","1":"product","2":"type-product","3":"status-publish","4":"has-post-thumbnail","6":"product_cat-baby","7":"product_cat-baby-food","8":"product_cat-baby-nutrition","9":"product_cat-jar-food","11":"first","12":"instock","13":"shipping-taxable","14":"purchasable","15":"product-type-simple"},"_links":{"self":[{"href":"https:\/\/abyss.com.tr\/fmcg\/wp-json\/wp\/v2\/product\/21979","targetHints":{"allow":["GET"]}}],"collection":[{"href":"https:\/\/abyss.com.tr\/fmcg\/wp-json\/wp\/v2\/product"}],"about":[{"href":"https:\/\/abyss.com.tr\/fmcg\/wp-json\/wp\/v2\/types\/product"}],"replies":[{"embeddable":true,"href":"https:\/\/abyss.com.tr\/fmcg\/wp-json\/wp\/v2\/comments?post=21979"}],"version-history":[{"count":1,"href":"https:\/\/abyss.com.tr\/fmcg\/wp-json\/wp\/v2\/product\/21979\/revisions"}],"predecessor-version":[{"id":22085,"href":"https:\/\/abyss.com.tr\/fmcg\/wp-json\/wp\/v2\/product\/21979\/revisions\/22085"}],"wp:featuredmedia":[{"embeddable":true,"href":"https:\/\/abyss.com.tr\/fmcg\/wp-json\/wp\/v2\/media\/21978"}],"wp:attachment":[{"href":"https:\/\/abyss.com.tr\/fmcg\/wp-json\/wp\/v2\/media?parent=21979"}],"wp:term":[{"taxonomy":"product_brand","embeddable":true,"href":"https:\/\/abyss.com.tr\/fmcg\/wp-json\/wp\/v2\/product_brand?post=21979"},{"taxonomy":"product_cat","embeddable":true,"href":"https:\/\/abyss.com.tr\/fmcg\/wp-json\/wp\/v2\/product_cat?post=21979"},{"taxonomy":"product_tag","embeddable":true,"href":"https:\/\/abyss.com.tr\/fmcg\/wp-json\/wp\/v2\/product_tag?post=21979"}],"curies":[{"name":"wp","href":"https:\/\/api.w.org\/{rel}","templated":true}]}}