{"id":21859,"date":"2024-01-19T00:37:19","date_gmt":"2024-01-18T21:37:19","guid":{"rendered":"https:\/\/abyss.com.tr\/fmcg\/product\/tac-kraker-susamli-corek-otlu-76grx18\/"},"modified":"2024-02-28T10:40:16","modified_gmt":"2024-02-28T07:40:16","slug":"tac-kraker-susamli-corek-otlu-76grx18","status":"publish","type":"product","link":"https:\/\/abyss.com.tr\/fmcg\/product\/tac-kraker-susamli-corek-otlu-76grx18\/","title":{"rendered":"TA\u00c7 KRAKER SUSAMLI \u00c7\u00d6REK OTLU 76GRX18"},"content":{"rendered":"","protected":false},"excerpt":{"rendered":"","protected":false},"featured_media":21858,"comment_status":"open","ping_status":"closed","template":"","meta":[],"product_brand":[],"product_cat":[354,20],"product_tag":[],"class_list":{"0":"post-21859","1":"product","2":"type-product","3":"status-publish","4":"has-post-thumbnail","6":"product_cat-cracker","7":"product_cat-snack","9":"first","10":"instock","11":"shipping-taxable","12":"purchasable","13":"product-type-simple"},"_links":{"self":[{"href":"https:\/\/abyss.com.tr\/fmcg\/wp-json\/wp\/v2\/product\/21859","targetHints":{"allow":["GET"]}}],"collection":[{"href":"https:\/\/abyss.com.tr\/fmcg\/wp-json\/wp\/v2\/product"}],"about":[{"href":"https:\/\/abyss.com.tr\/fmcg\/wp-json\/wp\/v2\/types\/product"}],"replies":[{"embeddable":true,"href":"https:\/\/abyss.com.tr\/fmcg\/wp-json\/wp\/v2\/comments?post=21859"}],"version-history":[{"count":0,"href":"https:\/\/abyss.com.tr\/fmcg\/wp-json\/wp\/v2\/product\/21859\/revisions"}],"wp:featuredmedia":[{"embeddable":true,"href":"https:\/\/abyss.com.tr\/fmcg\/wp-json\/wp\/v2\/media\/21858"}],"wp:attachment":[{"href":"https:\/\/abyss.com.tr\/fmcg\/wp-json\/wp\/v2\/media?parent=21859"}],"wp:term":[{"taxonomy":"product_brand","embeddable":true,"href":"https:\/\/abyss.com.tr\/fmcg\/wp-json\/wp\/v2\/product_brand?post=21859"},{"taxonomy":"product_cat","embeddable":true,"href":"https:\/\/abyss.com.tr\/fmcg\/wp-json\/wp\/v2\/product_cat?post=21859"},{"taxonomy":"product_tag","embeddable":true,"href":"https:\/\/abyss.com.tr\/fmcg\/wp-json\/wp\/v2\/product_tag?post=21859"}],"curies":[{"name":"wp","href":"https:\/\/api.w.org\/{rel}","templated":true}]}}