{"id":21812,"date":"2024-01-19T00:36:18","date_gmt":"2024-01-18T21:36:18","guid":{"rendered":"https:\/\/abyss.com.tr\/fmcg\/product\/godiva-masterpieces-findik-sutlu-cikolata-bar-30grx12x4\/"},"modified":"2024-02-28T10:40:13","modified_gmt":"2024-02-28T07:40:13","slug":"godiva-masterpieces-findik-sutlu-cikolata-bar-30grx12x4","status":"publish","type":"product","link":"https:\/\/abyss.com.tr\/fmcg\/product\/godiva-masterpieces-findik-sutlu-cikolata-bar-30grx12x4\/","title":{"rendered":"GOD\u0130VA MASTERP\u0130ECES FINDIK S\u00dcTL\u00dc \u00c7\u0130KOLATA BAR 30GRX12X4"},"content":{"rendered":"","protected":false},"excerpt":{"rendered":"","protected":false},"featured_media":21811,"comment_status":"open","ping_status":"closed","template":"","meta":[],"product_brand":[],"product_cat":[364,365,20],"product_tag":[],"class_list":{"0":"post-21812","1":"product","2":"type-product","3":"status-publish","4":"has-post-thumbnail","6":"product_cat-chocolate","7":"product_cat-milk-chocolate","8":"product_cat-snack","10":"first","11":"instock","12":"shipping-taxable","13":"purchasable","14":"product-type-simple"},"_links":{"self":[{"href":"https:\/\/abyss.com.tr\/fmcg\/wp-json\/wp\/v2\/product\/21812","targetHints":{"allow":["GET"]}}],"collection":[{"href":"https:\/\/abyss.com.tr\/fmcg\/wp-json\/wp\/v2\/product"}],"about":[{"href":"https:\/\/abyss.com.tr\/fmcg\/wp-json\/wp\/v2\/types\/product"}],"replies":[{"embeddable":true,"href":"https:\/\/abyss.com.tr\/fmcg\/wp-json\/wp\/v2\/comments?post=21812"}],"version-history":[{"count":0,"href":"https:\/\/abyss.com.tr\/fmcg\/wp-json\/wp\/v2\/product\/21812\/revisions"}],"wp:featuredmedia":[{"embeddable":true,"href":"https:\/\/abyss.com.tr\/fmcg\/wp-json\/wp\/v2\/media\/21811"}],"wp:attachment":[{"href":"https:\/\/abyss.com.tr\/fmcg\/wp-json\/wp\/v2\/media?parent=21812"}],"wp:term":[{"taxonomy":"product_brand","embeddable":true,"href":"https:\/\/abyss.com.tr\/fmcg\/wp-json\/wp\/v2\/product_brand?post=21812"},{"taxonomy":"product_cat","embeddable":true,"href":"https:\/\/abyss.com.tr\/fmcg\/wp-json\/wp\/v2\/product_cat?post=21812"},{"taxonomy":"product_tag","embeddable":true,"href":"https:\/\/abyss.com.tr\/fmcg\/wp-json\/wp\/v2\/product_tag?post=21812"}],"curies":[{"name":"wp","href":"https:\/\/api.w.org\/{rel}","templated":true}]}}