{"id":21797,"date":"2024-01-19T00:36:00","date_gmt":"2024-01-18T21:36:00","guid":{"rendered":"https:\/\/abyss.com.tr\/fmcg\/product\/ulker-kare-cikolata-vegan-bitter-60grx6x6\/"},"modified":"2024-02-28T10:40:12","modified_gmt":"2024-02-28T07:40:12","slug":"ulker-kare-cikolata-vegan-bitter-60grx6x6","status":"publish","type":"product","link":"https:\/\/abyss.com.tr\/fmcg\/product\/ulker-kare-cikolata-vegan-bitter-60grx6x6\/","title":{"rendered":"\u00dcLKER KARE \u00c7\u0130KOLATA VEGAN B\u0130TTER 60GRX6X6"},"content":{"rendered":"","protected":false},"excerpt":{"rendered":"","protected":false},"featured_media":21796,"comment_status":"open","ping_status":"closed","template":"","meta":[],"product_brand":[],"product_cat":[364,372,20],"product_tag":[],"class_list":{"0":"post-21797","1":"product","2":"type-product","3":"status-publish","4":"has-post-thumbnail","6":"product_cat-chocolate","7":"product_cat-dark-chocolate","8":"product_cat-snack","10":"first","11":"instock","12":"shipping-taxable","13":"purchasable","14":"product-type-simple"},"_links":{"self":[{"href":"https:\/\/abyss.com.tr\/fmcg\/wp-json\/wp\/v2\/product\/21797","targetHints":{"allow":["GET"]}}],"collection":[{"href":"https:\/\/abyss.com.tr\/fmcg\/wp-json\/wp\/v2\/product"}],"about":[{"href":"https:\/\/abyss.com.tr\/fmcg\/wp-json\/wp\/v2\/types\/product"}],"replies":[{"embeddable":true,"href":"https:\/\/abyss.com.tr\/fmcg\/wp-json\/wp\/v2\/comments?post=21797"}],"version-history":[{"count":0,"href":"https:\/\/abyss.com.tr\/fmcg\/wp-json\/wp\/v2\/product\/21797\/revisions"}],"wp:featuredmedia":[{"embeddable":true,"href":"https:\/\/abyss.com.tr\/fmcg\/wp-json\/wp\/v2\/media\/21796"}],"wp:attachment":[{"href":"https:\/\/abyss.com.tr\/fmcg\/wp-json\/wp\/v2\/media?parent=21797"}],"wp:term":[{"taxonomy":"product_brand","embeddable":true,"href":"https:\/\/abyss.com.tr\/fmcg\/wp-json\/wp\/v2\/product_brand?post=21797"},{"taxonomy":"product_cat","embeddable":true,"href":"https:\/\/abyss.com.tr\/fmcg\/wp-json\/wp\/v2\/product_cat?post=21797"},{"taxonomy":"product_tag","embeddable":true,"href":"https:\/\/abyss.com.tr\/fmcg\/wp-json\/wp\/v2\/product_tag?post=21797"}],"curies":[{"name":"wp","href":"https:\/\/api.w.org\/{rel}","templated":true}]}}