{"id":21661,"date":"2024-01-19T00:32:33","date_gmt":"2024-01-18T21:32:33","guid":{"rendered":"https:\/\/abyss.com.tr\/fmcg\/product\/mcvities-digestive-karamelli-biskuvi-120grx16\/"},"modified":"2024-02-28T10:40:02","modified_gmt":"2024-02-28T07:40:02","slug":"mcvities-digestive-karamelli-biskuvi-120grx16","status":"publish","type":"product","link":"https:\/\/abyss.com.tr\/fmcg\/product\/mcvities-digestive-karamelli-biskuvi-120grx16\/","title":{"rendered":"MCVITIE&#8217;S DIGESTIVE KARAMELL\u0130 B\u0130SK\u00dcV\u0130 120GRX16"},"content":{"rendered":"","protected":false},"excerpt":{"rendered":"","protected":false},"featured_media":21660,"comment_status":"open","ping_status":"closed","template":"","meta":[],"product_brand":[],"product_cat":[352,390,20],"product_tag":[],"class_list":{"0":"post-21661","1":"product","2":"type-product","3":"status-publish","4":"has-post-thumbnail","6":"product_cat-biscuit","7":"product_cat-biscuit-dessert","8":"product_cat-snack","10":"first","11":"instock","12":"shipping-taxable","13":"purchasable","14":"product-type-simple"},"_links":{"self":[{"href":"https:\/\/abyss.com.tr\/fmcg\/wp-json\/wp\/v2\/product\/21661","targetHints":{"allow":["GET"]}}],"collection":[{"href":"https:\/\/abyss.com.tr\/fmcg\/wp-json\/wp\/v2\/product"}],"about":[{"href":"https:\/\/abyss.com.tr\/fmcg\/wp-json\/wp\/v2\/types\/product"}],"replies":[{"embeddable":true,"href":"https:\/\/abyss.com.tr\/fmcg\/wp-json\/wp\/v2\/comments?post=21661"}],"version-history":[{"count":0,"href":"https:\/\/abyss.com.tr\/fmcg\/wp-json\/wp\/v2\/product\/21661\/revisions"}],"wp:featuredmedia":[{"embeddable":true,"href":"https:\/\/abyss.com.tr\/fmcg\/wp-json\/wp\/v2\/media\/21660"}],"wp:attachment":[{"href":"https:\/\/abyss.com.tr\/fmcg\/wp-json\/wp\/v2\/media?parent=21661"}],"wp:term":[{"taxonomy":"product_brand","embeddable":true,"href":"https:\/\/abyss.com.tr\/fmcg\/wp-json\/wp\/v2\/product_brand?post=21661"},{"taxonomy":"product_cat","embeddable":true,"href":"https:\/\/abyss.com.tr\/fmcg\/wp-json\/wp\/v2\/product_cat?post=21661"},{"taxonomy":"product_tag","embeddable":true,"href":"https:\/\/abyss.com.tr\/fmcg\/wp-json\/wp\/v2\/product_tag?post=21661"}],"curies":[{"name":"wp","href":"https:\/\/api.w.org\/{rel}","templated":true}]}}