{"id":21620,"date":"2024-01-19T00:31:40","date_gmt":"2024-01-18T21:31:40","guid":{"rendered":"https:\/\/abyss.com.tr\/fmcg\/product\/ulker-dankek-poti-muffin-kek-hindistan-cevizli-35grx24\/"},"modified":"2024-02-28T10:40:00","modified_gmt":"2024-02-28T07:40:00","slug":"ulker-dankek-poti-muffin-kek-hindistan-cevizli-35grx24","status":"publish","type":"product","link":"https:\/\/abyss.com.tr\/fmcg\/product\/ulker-dankek-poti-muffin-kek-hindistan-cevizli-35grx24\/","title":{"rendered":"\u00dcLKER DANKEK P\u00d6T\u0130 MUFF\u0130N KEK H\u0130ND\u0130STAN CEV\u0130ZL\u0130 35GRX24"},"content":{"rendered":"","protected":false},"excerpt":{"rendered":"","protected":false},"featured_media":21619,"comment_status":"open","ping_status":"closed","template":"","meta":[],"product_brand":[],"product_cat":[377,378,20],"product_tag":[],"class_list":{"0":"post-21620","1":"product","2":"type-product","3":"status-publish","4":"has-post-thumbnail","6":"product_cat-cake","7":"product_cat-mini-cake","8":"product_cat-snack","10":"first","11":"instock","12":"shipping-taxable","13":"purchasable","14":"product-type-simple"},"_links":{"self":[{"href":"https:\/\/abyss.com.tr\/fmcg\/wp-json\/wp\/v2\/product\/21620","targetHints":{"allow":["GET"]}}],"collection":[{"href":"https:\/\/abyss.com.tr\/fmcg\/wp-json\/wp\/v2\/product"}],"about":[{"href":"https:\/\/abyss.com.tr\/fmcg\/wp-json\/wp\/v2\/types\/product"}],"replies":[{"embeddable":true,"href":"https:\/\/abyss.com.tr\/fmcg\/wp-json\/wp\/v2\/comments?post=21620"}],"version-history":[{"count":0,"href":"https:\/\/abyss.com.tr\/fmcg\/wp-json\/wp\/v2\/product\/21620\/revisions"}],"wp:featuredmedia":[{"embeddable":true,"href":"https:\/\/abyss.com.tr\/fmcg\/wp-json\/wp\/v2\/media\/21619"}],"wp:attachment":[{"href":"https:\/\/abyss.com.tr\/fmcg\/wp-json\/wp\/v2\/media?parent=21620"}],"wp:term":[{"taxonomy":"product_brand","embeddable":true,"href":"https:\/\/abyss.com.tr\/fmcg\/wp-json\/wp\/v2\/product_brand?post=21620"},{"taxonomy":"product_cat","embeddable":true,"href":"https:\/\/abyss.com.tr\/fmcg\/wp-json\/wp\/v2\/product_cat?post=21620"},{"taxonomy":"product_tag","embeddable":true,"href":"https:\/\/abyss.com.tr\/fmcg\/wp-json\/wp\/v2\/product_tag?post=21620"}],"curies":[{"name":"wp","href":"https:\/\/api.w.org\/{rel}","templated":true}]}}