{"id":21551,"date":"2024-01-19T00:29:58","date_gmt":"2024-01-18T21:29:58","guid":{"rendered":"https:\/\/abyss.com.tr\/fmcg\/product\/ulker-kremini-milkshake-muz-aromali-seker-41grx20x12\/"},"modified":"2024-02-28T10:39:56","modified_gmt":"2024-02-28T07:39:56","slug":"ulker-kremini-milkshake-muz-aromali-seker-41grx20x12","status":"publish","type":"product","link":"https:\/\/abyss.com.tr\/fmcg\/product\/ulker-kremini-milkshake-muz-aromali-seker-41grx20x12\/","title":{"rendered":"\u00dcLKER KREM\u0130N\u0130 MILKSHAKE MUZ AROMALI \u015eEKER 41GRX20X12"},"content":{"rendered":"","protected":false},"excerpt":{"rendered":"","protected":false},"featured_media":21550,"comment_status":"open","ping_status":"closed","template":"","meta":[],"product_brand":[],"product_cat":[394,20,395],"product_tag":[],"class_list":{"0":"post-21551","1":"product","2":"type-product","3":"status-publish","4":"has-post-thumbnail","6":"product_cat-confectionery","7":"product_cat-snack","8":"product_cat-soft-candy","10":"first","11":"instock","12":"shipping-taxable","13":"purchasable","14":"product-type-simple"},"_links":{"self":[{"href":"https:\/\/abyss.com.tr\/fmcg\/wp-json\/wp\/v2\/product\/21551","targetHints":{"allow":["GET"]}}],"collection":[{"href":"https:\/\/abyss.com.tr\/fmcg\/wp-json\/wp\/v2\/product"}],"about":[{"href":"https:\/\/abyss.com.tr\/fmcg\/wp-json\/wp\/v2\/types\/product"}],"replies":[{"embeddable":true,"href":"https:\/\/abyss.com.tr\/fmcg\/wp-json\/wp\/v2\/comments?post=21551"}],"version-history":[{"count":0,"href":"https:\/\/abyss.com.tr\/fmcg\/wp-json\/wp\/v2\/product\/21551\/revisions"}],"wp:featuredmedia":[{"embeddable":true,"href":"https:\/\/abyss.com.tr\/fmcg\/wp-json\/wp\/v2\/media\/21550"}],"wp:attachment":[{"href":"https:\/\/abyss.com.tr\/fmcg\/wp-json\/wp\/v2\/media?parent=21551"}],"wp:term":[{"taxonomy":"product_brand","embeddable":true,"href":"https:\/\/abyss.com.tr\/fmcg\/wp-json\/wp\/v2\/product_brand?post=21551"},{"taxonomy":"product_cat","embeddable":true,"href":"https:\/\/abyss.com.tr\/fmcg\/wp-json\/wp\/v2\/product_cat?post=21551"},{"taxonomy":"product_tag","embeddable":true,"href":"https:\/\/abyss.com.tr\/fmcg\/wp-json\/wp\/v2\/product_tag?post=21551"}],"curies":[{"name":"wp","href":"https:\/\/api.w.org\/{rel}","templated":true}]}}