{"id":21538,"date":"2024-01-19T00:29:46","date_gmt":"2024-01-18T21:29:46","guid":{"rendered":"https:\/\/abyss.com.tr\/fmcg\/product\/halley-minigranullu-66grx24\/"},"modified":"2024-02-28T10:39:54","modified_gmt":"2024-02-28T07:39:54","slug":"ulker-halley-minigranullu-66grx24","status":"publish","type":"product","link":"https:\/\/abyss.com.tr\/fmcg\/product\/ulker-halley-minigranullu-66grx24\/","title":{"rendered":"\u00dcLKER HALLEY M\u0130N\u0130GRAN\u00dcLL\u00dc 66GRX24"},"content":{"rendered":"","protected":false},"excerpt":{"rendered":"","protected":false},"featured_media":21520,"comment_status":"open","ping_status":"closed","template":"","meta":[],"product_brand":[],"product_cat":[352,383,20],"product_tag":[],"class_list":{"0":"post-21538","1":"product","2":"type-product","3":"status-publish","4":"has-post-thumbnail","6":"product_cat-biscuit","7":"product_cat-coated-biscuits","8":"product_cat-snack","10":"first","11":"instock","12":"shipping-taxable","13":"purchasable","14":"product-type-simple"},"_links":{"self":[{"href":"https:\/\/abyss.com.tr\/fmcg\/wp-json\/wp\/v2\/product\/21538","targetHints":{"allow":["GET"]}}],"collection":[{"href":"https:\/\/abyss.com.tr\/fmcg\/wp-json\/wp\/v2\/product"}],"about":[{"href":"https:\/\/abyss.com.tr\/fmcg\/wp-json\/wp\/v2\/types\/product"}],"replies":[{"embeddable":true,"href":"https:\/\/abyss.com.tr\/fmcg\/wp-json\/wp\/v2\/comments?post=21538"}],"version-history":[{"count":1,"href":"https:\/\/abyss.com.tr\/fmcg\/wp-json\/wp\/v2\/product\/21538\/revisions"}],"predecessor-version":[{"id":22674,"href":"https:\/\/abyss.com.tr\/fmcg\/wp-json\/wp\/v2\/product\/21538\/revisions\/22674"}],"wp:featuredmedia":[{"embeddable":true,"href":"https:\/\/abyss.com.tr\/fmcg\/wp-json\/wp\/v2\/media\/21520"}],"wp:attachment":[{"href":"https:\/\/abyss.com.tr\/fmcg\/wp-json\/wp\/v2\/media?parent=21538"}],"wp:term":[{"taxonomy":"product_brand","embeddable":true,"href":"https:\/\/abyss.com.tr\/fmcg\/wp-json\/wp\/v2\/product_brand?post=21538"},{"taxonomy":"product_cat","embeddable":true,"href":"https:\/\/abyss.com.tr\/fmcg\/wp-json\/wp\/v2\/product_cat?post=21538"},{"taxonomy":"product_tag","embeddable":true,"href":"https:\/\/abyss.com.tr\/fmcg\/wp-json\/wp\/v2\/product_tag?post=21538"}],"curies":[{"name":"wp","href":"https:\/\/api.w.org\/{rel}","templated":true}]}}