{"id":21529,"date":"2024-01-19T00:29:35","date_gmt":"2024-01-18T21:29:35","guid":{"rendered":"https:\/\/abyss.com.tr\/fmcg\/product\/mcvities-digestive-bitter-cikolata-kapli-biskuvi-98grx18\/"},"modified":"2024-02-28T10:39:53","modified_gmt":"2024-02-28T07:39:53","slug":"mcvities-digestive-bitter-cikolata-kapli-biskuvi-98grx18","status":"publish","type":"product","link":"https:\/\/abyss.com.tr\/fmcg\/product\/mcvities-digestive-bitter-cikolata-kapli-biskuvi-98grx18\/","title":{"rendered":"MCV\u0130T\u0130ES D\u0130GEST\u0130VE B\u0130TTER \u00c7\u0130KOLATA KAPLI B\u0130SK\u00dcV\u0130 98GRX18"},"content":{"rendered":"","protected":false},"excerpt":{"rendered":"","protected":false},"featured_media":21528,"comment_status":"open","ping_status":"closed","template":"","meta":[],"product_brand":[],"product_cat":[352,383,20],"product_tag":[],"class_list":{"0":"post-21529","1":"product","2":"type-product","3":"status-publish","4":"has-post-thumbnail","6":"product_cat-biscuit","7":"product_cat-coated-biscuits","8":"product_cat-snack","10":"first","11":"instock","12":"shipping-taxable","13":"purchasable","14":"product-type-simple"},"_links":{"self":[{"href":"https:\/\/abyss.com.tr\/fmcg\/wp-json\/wp\/v2\/product\/21529","targetHints":{"allow":["GET"]}}],"collection":[{"href":"https:\/\/abyss.com.tr\/fmcg\/wp-json\/wp\/v2\/product"}],"about":[{"href":"https:\/\/abyss.com.tr\/fmcg\/wp-json\/wp\/v2\/types\/product"}],"replies":[{"embeddable":true,"href":"https:\/\/abyss.com.tr\/fmcg\/wp-json\/wp\/v2\/comments?post=21529"}],"version-history":[{"count":0,"href":"https:\/\/abyss.com.tr\/fmcg\/wp-json\/wp\/v2\/product\/21529\/revisions"}],"wp:featuredmedia":[{"embeddable":true,"href":"https:\/\/abyss.com.tr\/fmcg\/wp-json\/wp\/v2\/media\/21528"}],"wp:attachment":[{"href":"https:\/\/abyss.com.tr\/fmcg\/wp-json\/wp\/v2\/media?parent=21529"}],"wp:term":[{"taxonomy":"product_brand","embeddable":true,"href":"https:\/\/abyss.com.tr\/fmcg\/wp-json\/wp\/v2\/product_brand?post=21529"},{"taxonomy":"product_cat","embeddable":true,"href":"https:\/\/abyss.com.tr\/fmcg\/wp-json\/wp\/v2\/product_cat?post=21529"},{"taxonomy":"product_tag","embeddable":true,"href":"https:\/\/abyss.com.tr\/fmcg\/wp-json\/wp\/v2\/product_tag?post=21529"}],"curies":[{"name":"wp","href":"https:\/\/api.w.org\/{rel}","templated":true}]}}