{"id":21525,"date":"2024-01-19T00:29:31","date_gmt":"2024-01-18T21:29:31","guid":{"rendered":"https:\/\/abyss.com.tr\/fmcg\/product\/albeni-cikolata-kapli-kek-43grx18\/"},"modified":"2024-02-28T10:39:53","modified_gmt":"2024-02-28T07:39:53","slug":"albeni-cikolata-kapli-kek-43grx18","status":"publish","type":"product","link":"https:\/\/abyss.com.tr\/fmcg\/product\/albeni-cikolata-kapli-kek-43grx18\/","title":{"rendered":"ALBEN\u0130 \u00c7\u0130KOLATA KAPLI KEK 43GRX18"},"content":{"rendered":"","protected":false},"excerpt":{"rendered":"","protected":false},"featured_media":21524,"comment_status":"open","ping_status":"closed","template":"","meta":[],"product_brand":[],"product_cat":[377,378,20],"product_tag":[],"class_list":{"0":"post-21525","1":"product","2":"type-product","3":"status-publish","4":"has-post-thumbnail","6":"product_cat-cake","7":"product_cat-mini-cake","8":"product_cat-snack","10":"first","11":"instock","12":"shipping-taxable","13":"purchasable","14":"product-type-simple"},"_links":{"self":[{"href":"https:\/\/abyss.com.tr\/fmcg\/wp-json\/wp\/v2\/product\/21525","targetHints":{"allow":["GET"]}}],"collection":[{"href":"https:\/\/abyss.com.tr\/fmcg\/wp-json\/wp\/v2\/product"}],"about":[{"href":"https:\/\/abyss.com.tr\/fmcg\/wp-json\/wp\/v2\/types\/product"}],"replies":[{"embeddable":true,"href":"https:\/\/abyss.com.tr\/fmcg\/wp-json\/wp\/v2\/comments?post=21525"}],"version-history":[{"count":0,"href":"https:\/\/abyss.com.tr\/fmcg\/wp-json\/wp\/v2\/product\/21525\/revisions"}],"wp:featuredmedia":[{"embeddable":true,"href":"https:\/\/abyss.com.tr\/fmcg\/wp-json\/wp\/v2\/media\/21524"}],"wp:attachment":[{"href":"https:\/\/abyss.com.tr\/fmcg\/wp-json\/wp\/v2\/media?parent=21525"}],"wp:term":[{"taxonomy":"product_brand","embeddable":true,"href":"https:\/\/abyss.com.tr\/fmcg\/wp-json\/wp\/v2\/product_brand?post=21525"},{"taxonomy":"product_cat","embeddable":true,"href":"https:\/\/abyss.com.tr\/fmcg\/wp-json\/wp\/v2\/product_cat?post=21525"},{"taxonomy":"product_tag","embeddable":true,"href":"https:\/\/abyss.com.tr\/fmcg\/wp-json\/wp\/v2\/product_tag?post=21525"}],"curies":[{"name":"wp","href":"https:\/\/api.w.org\/{rel}","templated":true}]}}