{"id":21491,"date":"2024-01-19T00:28:49","date_gmt":"2024-01-18T21:28:49","guid":{"rendered":"https:\/\/abyss.com.tr\/fmcg\/product\/ulker-cikolatali-gofret-extra-45grx18x6\/"},"modified":"2024-02-28T10:39:52","modified_gmt":"2024-02-28T07:39:52","slug":"ulker-cikolatali-gofret-extra-45grx18x6","status":"publish","type":"product","link":"https:\/\/abyss.com.tr\/fmcg\/product\/ulker-cikolatali-gofret-extra-45grx18x6\/","title":{"rendered":"\u00dcLKER \u00c7\u0130KOLATALI GOFRET EXTRA 45GRX18X6"},"content":{"rendered":"","protected":false},"excerpt":{"rendered":"","protected":false},"featured_media":21490,"comment_status":"open","ping_status":"closed","template":"","meta":[],"product_brand":[],"product_cat":[363,20,362],"product_tag":[],"class_list":{"0":"post-21491","1":"product","2":"type-product","3":"status-publish","4":"has-post-thumbnail","6":"product_cat-chocolate-covered-wafers","7":"product_cat-snack","8":"product_cat-wafer","10":"first","11":"instock","12":"shipping-taxable","13":"purchasable","14":"product-type-simple"},"_links":{"self":[{"href":"https:\/\/abyss.com.tr\/fmcg\/wp-json\/wp\/v2\/product\/21491","targetHints":{"allow":["GET"]}}],"collection":[{"href":"https:\/\/abyss.com.tr\/fmcg\/wp-json\/wp\/v2\/product"}],"about":[{"href":"https:\/\/abyss.com.tr\/fmcg\/wp-json\/wp\/v2\/types\/product"}],"replies":[{"embeddable":true,"href":"https:\/\/abyss.com.tr\/fmcg\/wp-json\/wp\/v2\/comments?post=21491"}],"version-history":[{"count":0,"href":"https:\/\/abyss.com.tr\/fmcg\/wp-json\/wp\/v2\/product\/21491\/revisions"}],"wp:featuredmedia":[{"embeddable":true,"href":"https:\/\/abyss.com.tr\/fmcg\/wp-json\/wp\/v2\/media\/21490"}],"wp:attachment":[{"href":"https:\/\/abyss.com.tr\/fmcg\/wp-json\/wp\/v2\/media?parent=21491"}],"wp:term":[{"taxonomy":"product_brand","embeddable":true,"href":"https:\/\/abyss.com.tr\/fmcg\/wp-json\/wp\/v2\/product_brand?post=21491"},{"taxonomy":"product_cat","embeddable":true,"href":"https:\/\/abyss.com.tr\/fmcg\/wp-json\/wp\/v2\/product_cat?post=21491"},{"taxonomy":"product_tag","embeddable":true,"href":"https:\/\/abyss.com.tr\/fmcg\/wp-json\/wp\/v2\/product_tag?post=21491"}],"curies":[{"name":"wp","href":"https:\/\/api.w.org\/{rel}","templated":true}]}}