{"id":21333,"date":"2024-01-19T00:25:38","date_gmt":"2024-01-18T21:25:38","guid":{"rendered":"https:\/\/abyss.com.tr\/fmcg\/product\/eti-crax-peynirli-kraker-80grx17\/"},"modified":"2024-02-23T15:37:06","modified_gmt":"2024-02-23T12:37:06","slug":"eti-crax-peynirli-kraker-80grx17","status":"publish","type":"product","link":"https:\/\/abyss.com.tr\/fmcg\/product\/eti-crax-peynirli-kraker-80grx17\/","title":{"rendered":"ET\u0130 CRAX PEYN\u0130RL\u0130 KRAKER 80GRX17"},"content":{"rendered":"","protected":false},"excerpt":{"rendered":"","protected":false},"featured_media":21106,"comment_status":"open","ping_status":"closed","template":"","meta":[],"product_brand":[],"product_cat":[354,20],"product_tag":[],"class_list":{"0":"post-21333","1":"product","2":"type-product","3":"status-publish","4":"has-post-thumbnail","6":"product_cat-cracker","7":"product_cat-snack","9":"first","10":"instock","11":"shipping-taxable","12":"purchasable","13":"product-type-simple"},"_links":{"self":[{"href":"https:\/\/abyss.com.tr\/fmcg\/wp-json\/wp\/v2\/product\/21333","targetHints":{"allow":["GET"]}}],"collection":[{"href":"https:\/\/abyss.com.tr\/fmcg\/wp-json\/wp\/v2\/product"}],"about":[{"href":"https:\/\/abyss.com.tr\/fmcg\/wp-json\/wp\/v2\/types\/product"}],"replies":[{"embeddable":true,"href":"https:\/\/abyss.com.tr\/fmcg\/wp-json\/wp\/v2\/comments?post=21333"}],"version-history":[{"count":0,"href":"https:\/\/abyss.com.tr\/fmcg\/wp-json\/wp\/v2\/product\/21333\/revisions"}],"wp:featuredmedia":[{"embeddable":true,"href":"https:\/\/abyss.com.tr\/fmcg\/wp-json\/wp\/v2\/media\/21106"}],"wp:attachment":[{"href":"https:\/\/abyss.com.tr\/fmcg\/wp-json\/wp\/v2\/media?parent=21333"}],"wp:term":[{"taxonomy":"product_brand","embeddable":true,"href":"https:\/\/abyss.com.tr\/fmcg\/wp-json\/wp\/v2\/product_brand?post=21333"},{"taxonomy":"product_cat","embeddable":true,"href":"https:\/\/abyss.com.tr\/fmcg\/wp-json\/wp\/v2\/product_cat?post=21333"},{"taxonomy":"product_tag","embeddable":true,"href":"https:\/\/abyss.com.tr\/fmcg\/wp-json\/wp\/v2\/product_tag?post=21333"}],"curies":[{"name":"wp","href":"https:\/\/api.w.org\/{rel}","templated":true}]}}