{"id":20960,"date":"2024-01-19T00:17:48","date_gmt":"2024-01-18T21:17:48","guid":{"rendered":"https:\/\/abyss.com.tr\/fmcg\/product\/eti-lifalif-yulaf-bar-kakaolu-kahveli-35gx12x6\/"},"modified":"2024-02-23T15:36:45","modified_gmt":"2024-02-23T12:36:45","slug":"eti-lifalif-yulaf-bar-kakaolu-kahveli-35gx12x6","status":"publish","type":"product","link":"https:\/\/abyss.com.tr\/fmcg\/product\/eti-lifalif-yulaf-bar-kakaolu-kahveli-35gx12x6\/","title":{"rendered":"ET\u0130 L\u0130FAL\u0130F YULAF BAR KAKAOLU KAHVEL\u0130 35GX12X6"},"content":{"rendered":"","protected":false},"excerpt":{"rendered":"","protected":false},"featured_media":20959,"comment_status":"open","ping_status":"closed","template":"","meta":[],"product_brand":[],"product_cat":[355,384,20],"product_tag":[],"class_list":{"0":"post-20960","1":"product","2":"type-product","3":"status-publish","4":"has-post-thumbnail","6":"product_cat-bar-coated","7":"product_cat-fruit-bar","8":"product_cat-snack","10":"first","11":"instock","12":"shipping-taxable","13":"purchasable","14":"product-type-simple"},"_links":{"self":[{"href":"https:\/\/abyss.com.tr\/fmcg\/wp-json\/wp\/v2\/product\/20960","targetHints":{"allow":["GET"]}}],"collection":[{"href":"https:\/\/abyss.com.tr\/fmcg\/wp-json\/wp\/v2\/product"}],"about":[{"href":"https:\/\/abyss.com.tr\/fmcg\/wp-json\/wp\/v2\/types\/product"}],"replies":[{"embeddable":true,"href":"https:\/\/abyss.com.tr\/fmcg\/wp-json\/wp\/v2\/comments?post=20960"}],"version-history":[{"count":0,"href":"https:\/\/abyss.com.tr\/fmcg\/wp-json\/wp\/v2\/product\/20960\/revisions"}],"wp:featuredmedia":[{"embeddable":true,"href":"https:\/\/abyss.com.tr\/fmcg\/wp-json\/wp\/v2\/media\/20959"}],"wp:attachment":[{"href":"https:\/\/abyss.com.tr\/fmcg\/wp-json\/wp\/v2\/media?parent=20960"}],"wp:term":[{"taxonomy":"product_brand","embeddable":true,"href":"https:\/\/abyss.com.tr\/fmcg\/wp-json\/wp\/v2\/product_brand?post=20960"},{"taxonomy":"product_cat","embeddable":true,"href":"https:\/\/abyss.com.tr\/fmcg\/wp-json\/wp\/v2\/product_cat?post=20960"},{"taxonomy":"product_tag","embeddable":true,"href":"https:\/\/abyss.com.tr\/fmcg\/wp-json\/wp\/v2\/product_tag?post=20960"}],"curies":[{"name":"wp","href":"https:\/\/api.w.org\/{rel}","templated":true}]}}